{"id":1112,"date":"2018-10-10T15:39:53","date_gmt":"2018-10-10T19:39:53","guid":{"rendered":"https:\/\/rodrigolima.tattoo\/about\/"},"modified":"2023-05-17T11:35:35","modified_gmt":"2023-05-17T15:35:35","slug":"about","status":"publish","type":"page","link":"https:\/\/rodrigolimatattoo.com\/en\/about\/","title":{"rendered":"About"},"content":{"rendered":"<p>Rodrigo Lima, 36 anos, \u00e9 o rapaz do interior que ganhou o&nbsp;mundo atrav\u00e9s da tatuagem. Sua trajet\u00f3ria como tatuador come\u00e7a com o talento para o desenho. A veia art\u00edstica deu in\u00edcio a carreira de ilustrador e designer gr\u00e1fico, onde pode desenvolver projetos de arte e 3D em grandes ag\u00eancias de publicidade do pa\u00eds, at\u00e9 iniciar seus estudos de tatuagem. Profissionalmente, tatua desde 2012 quando fundou o Guerrilha Tattoo, est\u00fadio privado em Nova Odessa (SP).&nbsp;Coleciona um grande portf\u00f3lio de trabalhos realizados no Brasil e tamb\u00e9m na Europa, focando especialmente em realismo e neo traditional, estilos que s\u00e3o sua especialidade. Hoje tatua em seu est\u00fadio mas tamb\u00e9m faz temporadas como tatuador visitante em v\u00e1rias cidades do Brasil e Europa.<\/p>\n<p>Acesse a <a class=\"link\" href=\"https:\/\/rodrigolima.tattoo\/agenda\/guest\/\">agenda<\/a> para saber mais sobre as pr\u00f3ximas datas<\/p>\n","protected":false},"excerpt":{"rendered":"<p>Rodrigo Lima, 36 anos, \u00e9 o rapaz do interior que ganhou o&nbsp;mundo atrav\u00e9s da tatuagem. Sua trajet\u00f3ria como tatuador come\u00e7a com o talento para o desenho. A veia art\u00edstica deu in\u00edcio a carreira de ilustrador e designer gr\u00e1fico, onde pode desenvolver projetos de arte e 3D em grandes ag\u00eancias de publicidade do pa\u00eds, at\u00e9 iniciar [&hellip;]<\/p>\n","protected":false},"author":1,"featured_media":1076,"parent":0,"menu_order":0,"comment_status":"closed","ping_status":"closed","template":"page-about.php","meta":{"inline_featured_image":false,"_mi_skip_tracking":false,"_exactmetrics_sitenote_active":false,"_exactmetrics_sitenote_note":"","_exactmetrics_sitenote_category":0},"_links":{"self":[{"href":"https:\/\/rodrigolimatattoo.com\/en\/wp-json\/wp\/v2\/pages\/1112"}],"collection":[{"href":"https:\/\/rodrigolimatattoo.com\/en\/wp-json\/wp\/v2\/pages"}],"about":[{"href":"https:\/\/rodrigolimatattoo.com\/en\/wp-json\/wp\/v2\/types\/page"}],"author":[{"embeddable":true,"href":"https:\/\/rodrigolimatattoo.com\/en\/wp-json\/wp\/v2\/users\/1"}],"replies":[{"embeddable":true,"href":"https:\/\/rodrigolimatattoo.com\/en\/wp-json\/wp\/v2\/comments?post=1112"}],"version-history":[{"count":1,"href":"https:\/\/rodrigolimatattoo.com\/en\/wp-json\/wp\/v2\/pages\/1112\/revisions"}],"predecessor-version":[{"id":1114,"href":"https:\/\/rodrigolimatattoo.com\/en\/wp-json\/wp\/v2\/pages\/1112\/revisions\/1114"}],"wp:featuredmedia":[{"embeddable":true,"href":"https:\/\/rodrigolimatattoo.com\/en\/wp-json\/wp\/v2\/media\/1076"}],"wp:attachment":[{"href":"https:\/\/rodrigolimatattoo.com\/en\/wp-json\/wp\/v2\/media?parent=1112"}],"curies":[{"name":"wp","href":"https:\/\/api.w.org\/{rel}","templated":true}]}}