{"id":1136,"date":"2018-10-10T17:09:15","date_gmt":"2018-10-10T21:09:15","guid":{"rendered":"https:\/\/rodrigolima.tattoo\/mais-que-tattoo\/"},"modified":"2023-05-17T11:42:23","modified_gmt":"2023-05-17T15:42:23","slug":"mais-que-tattoo","status":"publish","type":"page","link":"https:\/\/rodrigolimatattoo.com\/en\/mais-que-tattoo\/","title":{"rendered":"Mais que tattoo"},"content":{"rendered":"<p>Criatividade \u00e9 contagiosa e transcende formatos. Conhe\u00e7a outros trabalhos de arte que Rodrigo Lima tamb\u00e9m desenvolve em seu est\u00fadio.<\/p>\n","protected":false},"excerpt":{"rendered":"<p>Criatividade \u00e9 contagiosa e transcende formatos. Conhe\u00e7a outros trabalhos de arte que Rodrigo Lima tamb\u00e9m desenvolve em seu est\u00fadio.<\/p>\n","protected":false},"author":1,"featured_media":804,"parent":0,"menu_order":0,"comment_status":"closed","ping_status":"closed","template":"page-tattoo.php","meta":{"inline_featured_image":false,"_mi_skip_tracking":false,"_exactmetrics_sitenote_active":false,"_exactmetrics_sitenote_note":"","_exactmetrics_sitenote_category":0},"_links":{"self":[{"href":"https:\/\/rodrigolimatattoo.com\/en\/wp-json\/wp\/v2\/pages\/1136"}],"collection":[{"href":"https:\/\/rodrigolimatattoo.com\/en\/wp-json\/wp\/v2\/pages"}],"about":[{"href":"https:\/\/rodrigolimatattoo.com\/en\/wp-json\/wp\/v2\/types\/page"}],"author":[{"embeddable":true,"href":"https:\/\/rodrigolimatattoo.com\/en\/wp-json\/wp\/v2\/users\/1"}],"replies":[{"embeddable":true,"href":"https:\/\/rodrigolimatattoo.com\/en\/wp-json\/wp\/v2\/comments?post=1136"}],"version-history":[{"count":1,"href":"https:\/\/rodrigolimatattoo.com\/en\/wp-json\/wp\/v2\/pages\/1136\/revisions"}],"predecessor-version":[{"id":1138,"href":"https:\/\/rodrigolimatattoo.com\/en\/wp-json\/wp\/v2\/pages\/1136\/revisions\/1138"}],"wp:featuredmedia":[{"embeddable":true,"href":"https:\/\/rodrigolimatattoo.com\/en\/wp-json\/wp\/v2\/media\/804"}],"wp:attachment":[{"href":"https:\/\/rodrigolimatattoo.com\/en\/wp-json\/wp\/v2\/media?parent=1136"}],"curies":[{"name":"wp","href":"https:\/\/api.w.org\/{rel}","templated":true}]}}