{"id":1140,"date":"2018-10-10T11:38:59","date_gmt":"2018-10-10T14:38:59","guid":{"rendered":"https:\/\/rodrigolima.tattoo\/portfolio\/"},"modified":"2018-10-10T11:38:59","modified_gmt":"2018-10-10T14:38:59","slug":"portfolio","status":"publish","type":"page","link":"https:\/\/rodrigolimatattoo.com\/en\/portfolio\/","title":{"rendered":"Portf\u00f3lio"},"content":{"rendered":"<p>Galeria com os principais trabalhos de Rodrigo Lima,\u00a0 entenda mais sobre seu tra\u00e7o, estilo e especialidades. Para mais informa\u00e7\u00f5es sobre um projeto exclusivo, entre em contato.<\/p>\n","protected":false},"excerpt":{"rendered":"<p>Galeria com os principais trabalhos de Rodrigo Lima,\u00a0 entenda mais sobre seu tra\u00e7o, estilo e especialidades. Para mais informa\u00e7\u00f5es sobre um projeto exclusivo, entre em contato.<\/p>\n","protected":false},"author":1,"featured_media":712,"parent":0,"menu_order":0,"comment_status":"closed","ping_status":"closed","template":"page-portfolio.php","meta":{"inline_featured_image":false,"_mi_skip_tracking":false,"_exactmetrics_sitenote_active":false,"_exactmetrics_sitenote_note":"","_exactmetrics_sitenote_category":0},"_links":{"self":[{"href":"https:\/\/rodrigolimatattoo.com\/en\/wp-json\/wp\/v2\/pages\/1140"}],"collection":[{"href":"https:\/\/rodrigolimatattoo.com\/en\/wp-json\/wp\/v2\/pages"}],"about":[{"href":"https:\/\/rodrigolimatattoo.com\/en\/wp-json\/wp\/v2\/types\/page"}],"author":[{"embeddable":true,"href":"https:\/\/rodrigolimatattoo.com\/en\/wp-json\/wp\/v2\/users\/1"}],"replies":[{"embeddable":true,"href":"https:\/\/rodrigolimatattoo.com\/en\/wp-json\/wp\/v2\/comments?post=1140"}],"version-history":[{"count":0,"href":"https:\/\/rodrigolimatattoo.com\/en\/wp-json\/wp\/v2\/pages\/1140\/revisions"}],"wp:featuredmedia":[{"embeddable":true,"href":"https:\/\/rodrigolimatattoo.com\/en\/wp-json\/wp\/v2\/media\/712"}],"wp:attachment":[{"href":"https:\/\/rodrigolimatattoo.com\/en\/wp-json\/wp\/v2\/media?parent=1140"}],"curies":[{"name":"wp","href":"https:\/\/api.w.org\/{rel}","templated":true}]}}